{"id":205,"date":"2024-08-19T14:21:47","date_gmt":"2024-08-19T12:21:47","guid":{"rendered":"https:\/\/toine.eu\/?page_id=205"},"modified":"2024-09-03T13:40:56","modified_gmt":"2024-09-03T11:40:56","slug":"ma-vie-professionelle","status":"publish","type":"page","link":"https:\/\/toine.eu\/index.php\/ma-vie-professionelle\/","title":{"rendered":"Ma vie professionelle"},"content":{"rendered":"\t\t<div data-elementor-type=\"wp-page\" data-elementor-id=\"205\" class=\"elementor elementor-205\">\n\t\t\t\t<div class=\"elementor-element elementor-element-81cd4e3 e-flex e-con-boxed e-con e-parent\" data-id=\"81cd4e3\" data-element_type=\"container\">\n\t\t\t\t\t<div class=\"e-con-inner\">\n\t\t\t\t<div class=\"elementor-element elementor-element-799cb9d elementor-widget elementor-widget-heading\" data-id=\"799cb9d\" data-element_type=\"widget\" data-widget_type=\"heading.default\">\n\t\t\t\t<div class=\"elementor-widget-container\">\n\t\t\t<style>\/*! elementor - v3.23.0 - 05-08-2024 *\/\n.elementor-heading-title{padding:0;margin:0;line-height:1}.elementor-widget-heading .elementor-heading-title[class*=elementor-size-]>a{color:inherit;font-size:inherit;line-height:inherit}.elementor-widget-heading .elementor-heading-title.elementor-size-small{font-size:15px}.elementor-widget-heading .elementor-heading-title.elementor-size-medium{font-size:19px}.elementor-widget-heading .elementor-heading-title.elementor-size-large{font-size:29px}.elementor-widget-heading .elementor-heading-title.elementor-size-xl{font-size:39px}.elementor-widget-heading .elementor-heading-title.elementor-size-xxl{font-size:59px}<\/style><h2 class=\"elementor-heading-title elementor-size-default\">Mes d\u00e9buts comme ing\u00e9nieur du son (20-25 ans)<\/h2>\t\t<\/div>\n\t\t\t\t<\/div>\n\t\t\t\t\t<\/div>\n\t\t\t\t<\/div>\n\t\t<div class=\"elementor-element elementor-element-67f1f89 e-flex e-con-boxed e-con e-parent\" data-id=\"67f1f89\" data-element_type=\"container\">\n\t\t\t\t\t<div class=\"e-con-inner\">\n\t\t\t\t<div class=\"elementor-element elementor-element-65866f8 elementor-widget elementor-widget-image\" data-id=\"65866f8\" data-element_type=\"widget\" data-widget_type=\"image.default\">\n\t\t\t\t<div class=\"elementor-widget-container\">\n\t\t\t<style>\/*! elementor - v3.23.0 - 05-08-2024 *\/\n.elementor-widget-image{text-align:center}.elementor-widget-image a{display:inline-block}.elementor-widget-image a img[src$=\".svg\"]{width:48px}.elementor-widget-image img{vertical-align:middle;display:inline-block}<\/style>\t\t\t\t\t\t\t\t\t\t<img fetchpriority=\"high\" decoding=\"async\" width=\"400\" height=\"604\" src=\"https:\/\/toine.eu\/wp-content\/uploads\/2024\/08\/454241888_10160462275573786_6866283738467842213_n.jpg\" class=\"attachment-large size-large wp-image-378\" alt=\"\" srcset=\"https:\/\/toine.eu\/wp-content\/uploads\/2024\/08\/454241888_10160462275573786_6866283738467842213_n.jpg 400w, https:\/\/toine.eu\/wp-content\/uploads\/2024\/08\/454241888_10160462275573786_6866283738467842213_n-199x300.jpg 199w\" sizes=\"(max-width: 400px) 100vw, 400px\" \/>\t\t\t\t\t\t\t\t\t\t\t\t\t<\/div>\n\t\t\t\t<\/div>\n\t\t\t\t\t<\/div>\n\t\t\t\t<\/div>\n\t\t<div class=\"elementor-element elementor-element-aa4fae4 e-flex e-con-boxed e-con e-parent\" data-id=\"aa4fae4\" data-element_type=\"container\">\n\t\t\t\t\t<div class=\"e-con-inner\">\n\t\t\t\t<div class=\"elementor-element elementor-element-24a3af2 elementor-widget elementor-widget-text-editor\" data-id=\"24a3af2\" data-element_type=\"widget\" data-widget_type=\"text-editor.default\">\n\t\t\t\t<div class=\"elementor-widget-container\">\n\t\t\t<style>\/*! elementor - v3.23.0 - 05-08-2024 *\/\n.elementor-widget-text-editor.elementor-drop-cap-view-stacked .elementor-drop-cap{background-color:#69727d;color:#fff}.elementor-widget-text-editor.elementor-drop-cap-view-framed .elementor-drop-cap{color:#69727d;border:3px solid;background-color:transparent}.elementor-widget-text-editor:not(.elementor-drop-cap-view-default) .elementor-drop-cap{margin-top:8px}.elementor-widget-text-editor:not(.elementor-drop-cap-view-default) .elementor-drop-cap-letter{width:1em;height:1em}.elementor-widget-text-editor .elementor-drop-cap{float:left;text-align:center;line-height:1;font-size:50px}.elementor-widget-text-editor .elementor-drop-cap-letter{display:inline-block}<\/style>\t\t\t\t<p>Mes premiers boulots \u00e9taient principalement pour de la sonoriastion.<\/p>\n<p>J\u2019ai travaill\u00e9 5 ans au Centre Culturel Waux-Hall de Nivelles. Op\u00e9rettes, Nuits du Jazz, Exploration du monde, Th\u00e9\u00e2tre pour enfants, Projections de films en 35mm, Spectacles de danse, d\u2019acad\u00e9mies, de troupes de theatre amateurs ou extr\u00eamement professionnels, j\u2019ai eut l\u2019occasion de faire mes armes tant bien que mal dans cet environnement au centre de la ville ou j\u2019\u00e9tais n\u00e9.<\/p>\n<p>Parall\u00e8lement \u00e0 cela, j\u2019ai commenc\u00e9 \u00e0 travailler avec des petits groupes de musicens locaux, avec l\u2019un d\u2019eux, The Big Hat Band, nous avions enregistr\u00e9 un disque chez ma maman en \u00e9change de repeindre la salle \u00e0 manger. Nous avions pr\u00e9sent\u00e9 le projet sur sc\u00e8ne lors d\u2019un concours et remport\u00e9 le premier prix au Botanique. Cela nous a valu quelques dates de concerts convoit\u00e9es par d\u2019autres et m\u2019a projet\u00e9 \u00e0 l\u2019avant de la sc\u00e8ne Rock Belge.<\/p>\n<p>Nous cr\u00e9ons un mini festival \u00e0 Nivelles avec des amis : le Rock Circus !<\/p>\n<p>Petit \u00e0 petit, je mixe des concerts de plus en plus grands, je passe de plus en plus de temps en tourn\u00e9e avec le groupe The Tellers.<\/p>\n<p>Jusqu\u2019au jour ou mon t\u00e9l\u00e9phone sonne pendant leur tourn\u00e9e \u00e0 Paris. C\u2019est pour me proposer une place de mixeur retour sur la tourn\u00e9e Cavalia, ils sont \u00e0 Bruxelles et veulent me rencontrer le lendemain midi.<\/p>\n<p>A la cl\u00e9 : Minimum 6 mois de tourn\u00e9e avec 7 shows de 2h par semaine devant 2500 personnes\u2026<\/p>\n<p>Et c\u2019est parti ! J\u2019ai fini leur tourn\u00e9e \u00e0 Bruxelles et j\u2019ai pr\u00e9par\u00e9 mon voyage. Sans date de retour annonc\u00e9e.<\/p>\n<p>Pendant 6 mois, j\u2019ai mix\u00e9 le show \u00e0 Bruxelles, Amsterdam et Berlin.<\/p>\n<p>Jusqu\u2019au jour ou le dolar et l\u2019euro s\u2019opposent et on me demande de former quelqu\u2019un pour me remplacer.<\/p>\t\t\t\t\t\t<\/div>\n\t\t\t\t<\/div>\n\t\t\t\t\t<\/div>\n\t\t\t\t<\/div>\n\t\t<div class=\"elementor-element elementor-element-8fa9c55 e-flex e-con-boxed e-con e-parent\" data-id=\"8fa9c55\" data-element_type=\"container\">\n\t\t\t\t\t<div class=\"e-con-inner\">\n\t\t\t\t<div class=\"elementor-element elementor-element-16d4861 elementor-widget elementor-widget-image\" data-id=\"16d4861\" data-element_type=\"widget\" data-widget_type=\"image.default\">\n\t\t\t\t<div class=\"elementor-widget-container\">\n\t\t\t\t\t\t\t\t\t\t\t\t\t<img decoding=\"async\" width=\"604\" height=\"402\" src=\"https:\/\/toine.eu\/wp-content\/uploads\/2024\/08\/454358996_10160462275183786_2471916203905272255_n.jpg\" class=\"attachment-large size-large wp-image-380\" alt=\"\" srcset=\"https:\/\/toine.eu\/wp-content\/uploads\/2024\/08\/454358996_10160462275183786_2471916203905272255_n.jpg 604w, https:\/\/toine.eu\/wp-content\/uploads\/2024\/08\/454358996_10160462275183786_2471916203905272255_n-300x200.jpg 300w\" sizes=\"(max-width: 604px) 100vw, 604px\" \/>\t\t\t\t\t\t\t\t\t\t\t\t\t<\/div>\n\t\t\t\t<\/div>\n\t\t\t\t\t<\/div>\n\t\t\t\t<\/div>\n\t\t<div class=\"elementor-element elementor-element-6cf7d58 e-flex e-con-boxed e-con e-parent\" data-id=\"6cf7d58\" data-element_type=\"container\">\n\t\t\t\t\t<div class=\"e-con-inner\">\n\t\t\t\t<div class=\"elementor-element elementor-element-c0a5cea elementor-widget elementor-widget-heading\" data-id=\"c0a5cea\" data-element_type=\"widget\" data-widget_type=\"heading.default\">\n\t\t\t\t<div class=\"elementor-widget-container\">\n\t\t\t<h2 class=\"elementor-heading-title elementor-size-default\">Mon retour en Belgique et mon d\u00e9but dans le cin\u00e9ma. (25-30 ans)<\/h2>\t\t<\/div>\n\t\t\t\t<\/div>\n\t\t\t\t\t<\/div>\n\t\t\t\t<\/div>\n\t\t<div class=\"elementor-element elementor-element-13b7474 e-flex e-con-boxed e-con e-parent\" data-id=\"13b7474\" data-element_type=\"container\">\n\t\t\t\t\t<div class=\"e-con-inner\">\n\t\t\t\t<div class=\"elementor-element elementor-element-e86c342 elementor-widget elementor-widget-image\" data-id=\"e86c342\" data-element_type=\"widget\" data-widget_type=\"image.default\">\n\t\t\t\t<div class=\"elementor-widget-container\">\n\t\t\t\t\t\t\t\t\t\t\t\t\t<img decoding=\"async\" width=\"604\" height=\"259\" src=\"https:\/\/toine.eu\/wp-content\/uploads\/2024\/08\/4489_78526529643_4913576_n-1.jpg\" class=\"attachment-large size-large wp-image-382\" alt=\"\" srcset=\"https:\/\/toine.eu\/wp-content\/uploads\/2024\/08\/4489_78526529643_4913576_n-1.jpg 604w, https:\/\/toine.eu\/wp-content\/uploads\/2024\/08\/4489_78526529643_4913576_n-1-300x129.jpg 300w\" sizes=\"(max-width: 604px) 100vw, 604px\" \/>\t\t\t\t\t\t\t\t\t\t\t\t\t<\/div>\n\t\t\t\t<\/div>\n\t\t\t\t\t<\/div>\n\t\t\t\t<\/div>\n\t\t<div class=\"elementor-element elementor-element-afe5c47 e-flex e-con-boxed e-con e-parent\" data-id=\"afe5c47\" data-element_type=\"container\">\n\t\t\t\t\t<div class=\"e-con-inner\">\n\t\t\t\t<div class=\"elementor-element elementor-element-474292d elementor-widget elementor-widget-text-editor\" data-id=\"474292d\" data-element_type=\"widget\" data-widget_type=\"text-editor.default\">\n\t\t\t\t<div class=\"elementor-widget-container\">\n\t\t\t\t\t\t\t<div class=\"wp-block-column\">\n<p>Une fois revenu en Belgique, je recommence assez vite \u00e0 travailler dans le cin\u00e9ma.<\/p>\n<!-- \/wp:paragraph --><!-- wp:paragraph {\"style\":{\"layout\":{\"selfStretch\":\"fill\",\"flexSize\":null}}} -->\n<p>Avant de partir sur Cavalia, j&rsquo;avais d\u00e9j\u00e0 fait le son de plusieurs courts m\u00e9trages et le son d&rsquo;un long m\u00e9trage.<\/p>\n<!-- \/wp:paragraph --><!-- wp:paragraph {\"style\":{\"layout\":{\"selfStretch\":\"fill\",\"flexSize\":null}}} -->\n<p>Je fais souvent de la perche avec mon p\u00e8re sur des tournages de spots publicitaires jusqu&rsquo;\u00e0 ce qu&rsquo;il me propose de rencontrer Philippe Blasband.<\/p>\n<!-- \/wp:paragraph --><!-- wp:paragraph {\"style\":{\"layout\":{\"selfStretch\":\"fill\",\"flexSize\":null}}} -->\n<p>Cet auteur belge souhaite faire un film mais qui n&rsquo;a pas beaucoup de moyens, nous voila donc parti dans une aventure participative avec trois ing\u00e9nieurs du son et trois perchmans.<\/p>\n<!-- \/wp:paragraph --><!-- wp:paragraph {\"style\":{\"layout\":{\"selfStretch\":\"fill\",\"flexSize\":null}}} -->\n<p>Finalement \u00e9tant le plus libre de tous, je ferai plus de la moiti\u00e9 du tournage.<\/p>\n<!-- \/wp:paragraph --><!-- wp:paragraph {\"style\":{\"layout\":{\"selfStretch\":\"fill\",\"flexSize\":null}}} -->\n<p>Philippe retournera un second film quelques mois plus tard et tout naturellement m&rsquo;engage sur son tournage.<\/p>\n<!-- \/wp:paragraph --><\/div>\n<p><!-- \/wp:column --><!-- wp:column --><\/p>\n<div class=\"wp-block-column\"><!-- wp:paragraph -->\n<p>Je vais alors me mettre \u00e0 rencontrer des producteurs et \u00e0 travailler sur des films ou il y a peu de moyens mais le cin\u00e9ma d&rsquo;auteur me permet de tisser des liens.<\/p>\n<!-- \/wp:paragraph --><!-- wp:paragraph -->\n<p>\u00c9tant de plus en plus agile \u00e0 la perche, mon p\u00e8re me propose de plus en plus de projets, je tournerai alors des t\u00e9l\u00e9films avec lui comme perchman mais aussi des films d&rsquo;auteurs flamands comme ing\u00e9nieur du son.<\/p>\n<!-- \/wp:paragraph --><!-- wp:paragraph -->\n<p>Je fais la rencontre du chef op\u00e9rateur image Nicolas Karakatsanis sur le tournage d&rsquo;une pub et ce sera le d\u00e9but d&rsquo;une s\u00e9rie de tournages en bin\u00f4mes.<\/p>\n<!-- \/wp:paragraph --><!-- wp:paragraph -->\n<p>Il me propose de partir avec lui faire un court m\u00e9trage en Pologne (Siemiany) que je tournerai sans perchman. Le film une fois termin\u00e9 recevra \u00e9norm\u00e9ment de r\u00e9compenses, on commence s\u00e9rieusement \u00e0 me solliciter.<\/p>\n<\/div>\t\t\t\t\t\t<\/div>\n\t\t\t\t<\/div>\n\t\t\t\t\t<\/div>\n\t\t\t\t<\/div>\n\t\t<div class=\"elementor-element elementor-element-579f37b e-flex e-con-boxed e-con e-parent\" data-id=\"579f37b\" data-element_type=\"container\">\n\t\t\t\t\t<div class=\"e-con-inner\">\n\t\t\t\t<div class=\"elementor-element elementor-element-544da54 elementor-widget elementor-widget-heading\" data-id=\"544da54\" data-element_type=\"widget\" data-widget_type=\"heading.default\">\n\t\t\t\t<div class=\"elementor-widget-container\">\n\t\t\t<h2 class=\"elementor-heading-title elementor-size-default\">Assouvir mon besoin de mixer et de cr\u00e9er.<\/h2>\t\t<\/div>\n\t\t\t\t<\/div>\n\t\t\t\t\t<\/div>\n\t\t\t\t<\/div>\n\t\t<div class=\"elementor-element elementor-element-d68374f e-flex e-con-boxed e-con e-parent\" data-id=\"d68374f\" data-element_type=\"container\">\n\t\t\t\t\t<div class=\"e-con-inner\">\n\t\t\t\t<div class=\"elementor-element elementor-element-a3dc12a elementor-widget elementor-widget-image\" data-id=\"a3dc12a\" data-element_type=\"widget\" data-widget_type=\"image.default\">\n\t\t\t\t<div class=\"elementor-widget-container\">\n\t\t\t\t\t\t\t\t\t\t\t\t\t<img loading=\"lazy\" decoding=\"async\" width=\"1024\" height=\"683\" src=\"https:\/\/toine.eu\/wp-content\/uploads\/2024\/08\/12186830_10153234004878786_5316418413223550662_o-1024x683.jpg\" class=\"attachment-large size-large wp-image-385\" alt=\"\" srcset=\"https:\/\/toine.eu\/wp-content\/uploads\/2024\/08\/12186830_10153234004878786_5316418413223550662_o-1024x683.jpg 1024w, https:\/\/toine.eu\/wp-content\/uploads\/2024\/08\/12186830_10153234004878786_5316418413223550662_o-300x200.jpg 300w, https:\/\/toine.eu\/wp-content\/uploads\/2024\/08\/12186830_10153234004878786_5316418413223550662_o-768x512.jpg 768w, https:\/\/toine.eu\/wp-content\/uploads\/2024\/08\/12186830_10153234004878786_5316418413223550662_o-1536x1024.jpg 1536w, https:\/\/toine.eu\/wp-content\/uploads\/2024\/08\/12186830_10153234004878786_5316418413223550662_o.jpg 2048w\" sizes=\"(max-width: 1024px) 100vw, 1024px\" \/>\t\t\t\t\t\t\t\t\t\t\t\t\t<\/div>\n\t\t\t\t<\/div>\n\t\t\t\t\t<\/div>\n\t\t\t\t<\/div>\n\t\t<div class=\"elementor-element elementor-element-87b316d e-flex e-con-boxed e-con e-parent\" data-id=\"87b316d\" data-element_type=\"container\">\n\t\t\t\t\t<div class=\"e-con-inner\">\n\t\t\t\t<div class=\"elementor-element elementor-element-afc5baa elementor-widget elementor-widget-text-editor\" data-id=\"afc5baa\" data-element_type=\"widget\" data-widget_type=\"text-editor.default\">\n\t\t\t\t<div class=\"elementor-widget-container\">\n\t\t\t\t\t\t\t<p>C\u2019est aussi \u00e0 ce moment que je me met \u00e0 faire la rencontre de Daniel Van Ruyssevelt d\u2019ADC Productions qui manage une soci\u00e9t\u00e9 de support technique sp\u00e9cialis\u00e9e dans le projection vid\u00e9o dans l\u2019\u00e9v\u00e9nementiel \u00e0 Bruxelles.<\/p>\n<p>Je travaillerai avec lui pendant presque 10 ans. Il m\u2019accordera une confiance particuli\u00e8re et me confieras petit \u00e0 petit la gestion d\u2019\u00e9quipes de techniciens et le contact avec les clients.<\/p>\n<p>Je deviens par la force des choses le directeur technique pour le salon Made In Asia que nous avons cr\u00e9\u00e9 avec S\u00e9bastien Flamand sur un coin de table comme un pari fou !<\/p>\n<p>L\u2019aventure durera 9 ans pour moi.<\/p>\n<p>Nous passerons d\u2019un quart de palais au milieu du salon du mod\u00e9lisme \u00e0 5 palais et le plus grand salon de Belgique.<\/p>\t\t\t\t\t\t<\/div>\n\t\t\t\t<\/div>\n\t\t\t\t\t<\/div>\n\t\t\t\t<\/div>\n\t\t<div class=\"elementor-element elementor-element-54cbb9f e-flex e-con-boxed e-con e-parent\" data-id=\"54cbb9f\" data-element_type=\"container\">\n\t\t\t\t\t<div class=\"e-con-inner\">\n\t\t\t\t<div class=\"elementor-element elementor-element-619b91c elementor-widget elementor-widget-heading\" data-id=\"619b91c\" data-element_type=\"widget\" data-widget_type=\"heading.default\">\n\t\t\t\t<div class=\"elementor-widget-container\">\n\t\t\t<h2 class=\"elementor-heading-title elementor-size-default\">Et depuis ?<\/h2>\t\t<\/div>\n\t\t\t\t<\/div>\n\t\t\t\t\t<\/div>\n\t\t\t\t<\/div>\n\t\t<div class=\"elementor-element elementor-element-d316b53 e-flex e-con-boxed e-con e-parent\" data-id=\"d316b53\" data-element_type=\"container\">\n\t\t\t\t\t<div class=\"e-con-inner\">\n\t\t\t\t<div class=\"elementor-element elementor-element-4829176 elementor-widget elementor-widget-image\" data-id=\"4829176\" data-element_type=\"widget\" data-widget_type=\"image.default\">\n\t\t\t\t<div class=\"elementor-widget-container\">\n\t\t\t\t\t\t\t\t\t\t\t\t\t<img loading=\"lazy\" decoding=\"async\" width=\"960\" height=\"958\" src=\"https:\/\/toine.eu\/wp-content\/uploads\/2024\/08\/417517873_10160132922688786_1689902627421637686_n-1.jpg\" class=\"attachment-large size-large wp-image-279\" alt=\"\" srcset=\"https:\/\/toine.eu\/wp-content\/uploads\/2024\/08\/417517873_10160132922688786_1689902627421637686_n-1.jpg 960w, https:\/\/toine.eu\/wp-content\/uploads\/2024\/08\/417517873_10160132922688786_1689902627421637686_n-1-300x300.jpg 300w, https:\/\/toine.eu\/wp-content\/uploads\/2024\/08\/417517873_10160132922688786_1689902627421637686_n-1-150x150.jpg 150w, https:\/\/toine.eu\/wp-content\/uploads\/2024\/08\/417517873_10160132922688786_1689902627421637686_n-1-768x766.jpg 768w\" sizes=\"(max-width: 960px) 100vw, 960px\" \/>\t\t\t\t\t\t\t\t\t\t\t\t\t<\/div>\n\t\t\t\t<\/div>\n\t\t\t\t\t<\/div>\n\t\t\t\t<\/div>\n\t\t<div class=\"elementor-element elementor-element-ef5063d e-flex e-con-boxed e-con e-parent\" data-id=\"ef5063d\" data-element_type=\"container\">\n\t\t\t\t\t<div class=\"e-con-inner\">\n\t\t\t\t<div class=\"elementor-element elementor-element-8764678 elementor-widget elementor-widget-text-editor\" data-id=\"8764678\" data-element_type=\"widget\" data-widget_type=\"text-editor.default\">\n\t\t\t\t<div class=\"elementor-widget-container\">\n\t\t\t\t\t\t\t<div class=\"elementor-element elementor-element-0a21d60 e-flex e-con-boxed e-con e-parent e-lazyloaded\" data-id=\"0a21d60\" data-element_type=\"container\">\n<div class=\"e-con-inner\">\n<div class=\"elementor-element elementor-element-c665b0b elementor-widget elementor-widget-text-editor\" data-id=\"c665b0b\" data-element_type=\"widget\" data-widget_type=\"text-editor.default\">\n<div class=\"elementor-widget-container\">\n<p>Depuis une petite dizaine d\u2019ann\u00e9es maintenant, je suis surtout en tournage \u00e0 l\u2019\u00e9tranger. Je suis all\u00e9 faire des films au Br\u00e9sil, Pologne, Allemagne, Danemark, Su\u00e8de, Italie, Canada, Kenya, Maroc, Luxembourg, Pays-Bas, France, \u2026<\/p>\n<p>Tous ces voyages, ces rencontres ou j\u2019ai travaill\u00e9 dans des environnements et des conditions tr\u00e8s diff\u00e9rentes m\u2019ont permis d\u2019\u00e9largir ma sensibilit\u00e9 professionnelle.<\/p>\n<p>J\u2019adore me mettre au service d\u2019un projet et de d\u00e9velopper des outils pour que celui-ci aboutisse \u00e0 un r\u00e9sultat. C\u2019est avant tout gr\u00e2ce aux relations humaines que tout ceci est r\u00e9alisable.<\/p>\n<p>Merci \u00e0 tous ces r\u00e9alisateurs qui m\u2019ont fait confiance.<\/p>\n<\/div>\n<\/div>\n<\/div>\n<\/div>\t\t\t\t\t\t<\/div>\n\t\t\t\t<\/div>\n\t\t\t\t\t<\/div>\n\t\t\t\t<\/div>\n\t\t\t\t<\/div>\n\t\t","protected":false},"excerpt":{"rendered":"<p>Mes d\u00e9buts comme ing\u00e9nieur du son (20-25 ans) Mes premiers boulots \u00e9taient principalement pour de la sonoriastion. J\u2019ai travaill\u00e9 5 ans au Centre Culturel Waux-Hall de Nivelles. Op\u00e9rettes, Nuits du Jazz, Exploration du monde, Th\u00e9\u00e2tre pour enfants, Projections de films en 35mm, Spectacles de danse, d\u2019acad\u00e9mies, de troupes de theatre amateurs ou extr\u00eamement professionnels, j\u2019ai [&hellip;]<\/p>\n","protected":false},"author":1,"featured_media":0,"parent":0,"menu_order":0,"comment_status":"closed","ping_status":"closed","template":"","meta":{"footnotes":""},"class_list":["post-205","page","type-page","status-publish","hentry"],"_links":{"self":[{"href":"https:\/\/toine.eu\/index.php\/wp-json\/wp\/v2\/pages\/205"}],"collection":[{"href":"https:\/\/toine.eu\/index.php\/wp-json\/wp\/v2\/pages"}],"about":[{"href":"https:\/\/toine.eu\/index.php\/wp-json\/wp\/v2\/types\/page"}],"author":[{"embeddable":true,"href":"https:\/\/toine.eu\/index.php\/wp-json\/wp\/v2\/users\/1"}],"replies":[{"embeddable":true,"href":"https:\/\/toine.eu\/index.php\/wp-json\/wp\/v2\/comments?post=205"}],"version-history":[{"count":18,"href":"https:\/\/toine.eu\/index.php\/wp-json\/wp\/v2\/pages\/205\/revisions"}],"predecessor-version":[{"id":438,"href":"https:\/\/toine.eu\/index.php\/wp-json\/wp\/v2\/pages\/205\/revisions\/438"}],"wp:attachment":[{"href":"https:\/\/toine.eu\/index.php\/wp-json\/wp\/v2\/media?parent=205"}],"curies":[{"name":"wp","href":"https:\/\/api.w.org\/{rel}","templated":true}]}}