{"id":202,"date":"2024-08-18T22:40:31","date_gmt":"2024-08-18T20:40:31","guid":{"rendered":"https:\/\/toine.eu\/?page_id=202"},"modified":"2024-09-03T10:49:26","modified_gmt":"2024-09-03T08:49:26","slug":"mon-histoire","status":"publish","type":"page","link":"https:\/\/toine.eu\/index.php\/mon-histoire\/","title":{"rendered":"Mon histoire"},"content":{"rendered":"\t\t<div data-elementor-type=\"wp-page\" data-elementor-id=\"202\" class=\"elementor elementor-202\">\n\t\t\t\t<div class=\"elementor-element elementor-element-0f955e3 e-flex e-con-boxed e-con e-parent\" data-id=\"0f955e3\" data-element_type=\"container\">\n\t\t\t\t\t<div class=\"e-con-inner\">\n\t\t\t\t<div class=\"elementor-element elementor-element-4bc8e92 elementor-widget elementor-widget-text-editor\" data-id=\"4bc8e92\" data-element_type=\"widget\" data-widget_type=\"text-editor.default\">\n\t\t\t\t<div class=\"elementor-widget-container\">\n\t\t\t<style>\/*! elementor - v3.23.0 - 05-08-2024 *\/\n.elementor-widget-text-editor.elementor-drop-cap-view-stacked .elementor-drop-cap{background-color:#69727d;color:#fff}.elementor-widget-text-editor.elementor-drop-cap-view-framed .elementor-drop-cap{color:#69727d;border:3px solid;background-color:transparent}.elementor-widget-text-editor:not(.elementor-drop-cap-view-default) .elementor-drop-cap{margin-top:8px}.elementor-widget-text-editor:not(.elementor-drop-cap-view-default) .elementor-drop-cap-letter{width:1em;height:1em}.elementor-widget-text-editor .elementor-drop-cap{float:left;text-align:center;line-height:1;font-size:50px}.elementor-widget-text-editor .elementor-drop-cap-letter{display:inline-block}<\/style>\t\t\t\t<p>Bonjour,<br \/>Je m&rsquo;appelle Antoine Vandendriessche, je suis n\u00e9 \u00e0 Nivelles au d\u00e9but des ann\u00e9es 80, j&rsquo;y ai v\u00e9cu presque toute ma vie.<\/p><p>Un peu d&rsquo;histoire&#8230;<\/p><p>Mes grands-parents \u00e9taient commer\u00e7ants de g\u00e9n\u00e9ration en g\u00e9n\u00e9ration \u00e0 Nivelles, une famille \u00e9tait fleuriste, l&rsquo;autre dans le textile. (Vandendriessche-Paulus\/Gourdin)<\/p><div>\u00a0<\/div>\t\t\t\t\t\t<\/div>\n\t\t\t\t<\/div>\n\t\t\t\t\t<\/div>\n\t\t\t\t<\/div>\n\t\t<div class=\"elementor-element elementor-element-de306f2 e-flex e-con-boxed e-con e-parent\" data-id=\"de306f2\" data-element_type=\"container\">\n\t\t\t\t\t<div class=\"e-con-inner\">\n\t\t\t\t<div class=\"elementor-element elementor-element-01376b2 elementor-widget elementor-widget-image\" data-id=\"01376b2\" data-element_type=\"widget\" data-widget_type=\"image.default\">\n\t\t\t\t<div class=\"elementor-widget-container\">\n\t\t\t<style>\/*! elementor - v3.23.0 - 05-08-2024 *\/\n.elementor-widget-image{text-align:center}.elementor-widget-image a{display:inline-block}.elementor-widget-image a img[src$=\".svg\"]{width:48px}.elementor-widget-image img{vertical-align:middle;display:inline-block}<\/style>\t\t\t\t\t\t\t\t\t\t<img fetchpriority=\"high\" decoding=\"async\" width=\"604\" height=\"395\" src=\"https:\/\/toine.eu\/wp-content\/uploads\/2024\/08\/1927662_44688118785_1477_n.jpg\" class=\"attachment-full size-full wp-image-220\" alt=\"\" srcset=\"https:\/\/toine.eu\/wp-content\/uploads\/2024\/08\/1927662_44688118785_1477_n.jpg 604w, https:\/\/toine.eu\/wp-content\/uploads\/2024\/08\/1927662_44688118785_1477_n-300x196.jpg 300w\" sizes=\"(max-width: 604px) 100vw, 604px\" \/>\t\t\t\t\t\t\t\t\t\t\t\t\t<\/div>\n\t\t\t\t<\/div>\n\t\t\t\t\t<\/div>\n\t\t\t\t<\/div>\n\t\t<div class=\"elementor-element elementor-element-da9680b e-flex e-con-boxed e-con e-parent\" data-id=\"da9680b\" data-element_type=\"container\">\n\t\t\t\t\t<div class=\"e-con-inner\">\n\t\t\t\t<div class=\"elementor-element elementor-element-2bba736 elementor-widget elementor-widget-text-editor\" data-id=\"2bba736\" data-element_type=\"widget\" data-widget_type=\"text-editor.default\">\n\t\t\t\t<div class=\"elementor-widget-container\">\n\t\t\t\t\t\t\t<p>Je suis n\u00e9 en avril 1982, mes parents habitaient rue Auguste Leveque.<\/p><p>Catherine Paulus, ma m\u00e8re a d\u00e9but\u00e9 sa carri\u00e8re comme \u00e9ducatrice sp\u00e9cialis\u00e9e. Elle a travaill\u00e9 \u00e0 l&rsquo;Emeraude \u00e0 Baulers et c&rsquo;est ensuite dirig\u00e9e vers le milieu associatif.<\/p><p>Elle \u00e0 travaill\u00e9 jusqu&rsquo;\u00e0 la fin de\u00a0 sa carri\u00e8re au bouton d&rsquo;or (Le Go\u00e9land) mais nous a malheureusement quitt\u00e9 peu de temps apr\u00e8s.<\/p><p>Philippe Vandendriessche, mon p\u00e8re est ing\u00e9nieur du son mais aussi enseignant dans le milieu cin\u00e9matographique.<\/p><p>C&rsquo;est aujourd&rsquo;hui un jeune retrait\u00e9 mais il continue de travailler d\u00e8s qu&rsquo;il le peut.<\/p><div>\u00a0<\/div>\t\t\t\t\t\t<\/div>\n\t\t\t\t<\/div>\n\t\t\t\t\t<\/div>\n\t\t\t\t<\/div>\n\t\t<div class=\"elementor-element elementor-element-9cff251 e-flex e-con-boxed e-con e-parent\" data-id=\"9cff251\" data-element_type=\"container\">\n\t\t\t\t\t<div class=\"e-con-inner\">\n\t\t\t\t<div class=\"elementor-element elementor-element-912dbe3 elementor-widget elementor-widget-image\" data-id=\"912dbe3\" data-element_type=\"widget\" data-widget_type=\"image.default\">\n\t\t\t\t<div class=\"elementor-widget-container\">\n\t\t\t\t\t\t\t\t\t\t\t\t\t<img decoding=\"async\" width=\"604\" height=\"456\" src=\"https:\/\/toine.eu\/wp-content\/uploads\/2024\/08\/1927662_44688098785_23_n.jpg\" class=\"attachment-large size-large wp-image-224\" alt=\"\" srcset=\"https:\/\/toine.eu\/wp-content\/uploads\/2024\/08\/1927662_44688098785_23_n.jpg 604w, https:\/\/toine.eu\/wp-content\/uploads\/2024\/08\/1927662_44688098785_23_n-300x226.jpg 300w\" sizes=\"(max-width: 604px) 100vw, 604px\" \/>\t\t\t\t\t\t\t\t\t\t\t\t\t<\/div>\n\t\t\t\t<\/div>\n\t\t\t\t<div class=\"elementor-element elementor-element-90e55c8 elementor-widget elementor-widget-text-editor\" data-id=\"90e55c8\" data-element_type=\"widget\" data-widget_type=\"text-editor.default\">\n\t\t\t\t<div class=\"elementor-widget-container\">\n\t\t\t\t\t\t\t<p>Mes parents on eut trois enfants, je suis l&rsquo;ain\u00e9 et j&rsquo;ai deux fr\u00e8res Martin et Henri avec lesquels j&rsquo;ai grandi jusqu&rsquo;\u00e0 mes 18 ans.<\/p><p>Nous avons longtemps habit\u00e9 rue G\u00e9n\u00e9ral Leman pr\u00e8s de la gare.<\/p><p>J&rsquo;ai \u00e9galement une petite soeur, Jeanne qui est beaucoup plus jeune que moi et qui est actuellement \u00e9tudiante \u00e0 l&rsquo;Athen\u00e9e Royal de Nivelles.<\/p><p>Elle vit avec mon p\u00e8re pr\u00e8s Rosseignies \u00e0 la campagne.<\/p>\t\t\t\t\t\t<\/div>\n\t\t\t\t<\/div>\n\t\t\t\t<div class=\"elementor-element elementor-element-7e310e5 elementor-widget elementor-widget-image\" data-id=\"7e310e5\" data-element_type=\"widget\" data-widget_type=\"image.default\">\n\t\t\t\t<div class=\"elementor-widget-container\">\n\t\t\t\t\t\t\t\t\t\t\t\t\t<img decoding=\"async\" width=\"960\" height=\"720\" src=\"https:\/\/toine.eu\/wp-content\/uploads\/2024\/08\/11825786_10153051744153786_5943657300945031310_n.jpg\" class=\"attachment-large size-large wp-image-226\" alt=\"\" srcset=\"https:\/\/toine.eu\/wp-content\/uploads\/2024\/08\/11825786_10153051744153786_5943657300945031310_n.jpg 960w, https:\/\/toine.eu\/wp-content\/uploads\/2024\/08\/11825786_10153051744153786_5943657300945031310_n-300x225.jpg 300w, https:\/\/toine.eu\/wp-content\/uploads\/2024\/08\/11825786_10153051744153786_5943657300945031310_n-768x576.jpg 768w\" sizes=\"(max-width: 960px) 100vw, 960px\" \/>\t\t\t\t\t\t\t\t\t\t\t\t\t<\/div>\n\t\t\t\t<\/div>\n\t\t\t\t\t<\/div>\n\t\t\t\t<\/div>\n\t\t<div class=\"elementor-element elementor-element-86f3c42 e-flex e-con-boxed e-con e-parent\" data-id=\"86f3c42\" data-element_type=\"container\">\n\t\t\t\t\t<div class=\"e-con-inner\">\n\t\t\t\t<div class=\"elementor-element elementor-element-838852f elementor-widget elementor-widget-text-editor\" data-id=\"838852f\" data-element_type=\"widget\" data-widget_type=\"text-editor.default\">\n\t\t\t\t<div class=\"elementor-widget-container\">\n\t\t\t\t\t\t\t<p>Je suis l&rsquo;heureux papa de Mia depuis 2014.<\/p><p>Elle passe \u00e9norm\u00e9ment de temps plong\u00e9e dans les livres de la biblioth\u00e8que, ou accroch\u00e9e \u00e0 ses crayons, elle est \u00e9l\u00e8ve \u00e0 l&rsquo;acad\u00e9mie de Nivelles depuis quelques ann\u00e9es d\u00e9j\u00e0.<\/p><p>Elle est \u00e0 l&rsquo;\u00e9cole de Petit-Roeulx et est aux lutins de Feluy.<\/p><p>Sa maman vit \u00e0 Arquennes.<\/p>\t\t\t\t\t\t<\/div>\n\t\t\t\t<\/div>\n\t\t\t\t<div class=\"elementor-element elementor-element-002f432 elementor-widget elementor-widget-image\" data-id=\"002f432\" data-element_type=\"widget\" data-widget_type=\"image.default\">\n\t\t\t\t<div class=\"elementor-widget-container\">\n\t\t\t\t\t\t\t\t\t\t\t\t\t<img loading=\"lazy\" decoding=\"async\" width=\"768\" height=\"1024\" src=\"https:\/\/toine.eu\/wp-content\/uploads\/2024\/08\/450126798_10160378670998786_1696432287456965582_n-768x1024.jpg\" class=\"attachment-large size-large wp-image-230\" alt=\"\" srcset=\"https:\/\/toine.eu\/wp-content\/uploads\/2024\/08\/450126798_10160378670998786_1696432287456965582_n-768x1024.jpg 768w, https:\/\/toine.eu\/wp-content\/uploads\/2024\/08\/450126798_10160378670998786_1696432287456965582_n-225x300.jpg 225w, https:\/\/toine.eu\/wp-content\/uploads\/2024\/08\/450126798_10160378670998786_1696432287456965582_n-1152x1536.jpg 1152w, https:\/\/toine.eu\/wp-content\/uploads\/2024\/08\/450126798_10160378670998786_1696432287456965582_n.jpg 1536w\" sizes=\"(max-width: 768px) 100vw, 768px\" \/>\t\t\t\t\t\t\t\t\t\t\t\t\t<\/div>\n\t\t\t\t<\/div>\n\t\t\t\t<div class=\"elementor-element elementor-element-8cb7bbb elementor-widget elementor-widget-text-editor\" data-id=\"8cb7bbb\" data-element_type=\"widget\" data-widget_type=\"text-editor.default\">\n\t\t\t\t<div class=\"elementor-widget-container\">\n\t\t\t\t\t\t\t<p>Je suis all\u00e9 \u00e0 l&rsquo;\u00e9cole Saint Michel rue de la Religion en maternelle.<\/p><p>J&rsquo;habitais avec mes parents dans le quartier du vert chemin et nous \u00e9tions les premiers locataires d&rsquo;une habitations pour les jeunes familles totalement neuve.<\/p><p>Nous avons ensuite d\u00e9m\u00e9nag\u00e9 pr\u00e8s de la gare ou mes parents avaient achet\u00e9 une maison plus ancienne au milieu d&rsquo;un quartier commer\u00e7ant et nous avons d\u00e9couvert le loisir de vivre dans le centre et d&rsquo;\u00eatre \u00e0 deux pas de tout.<\/p><p>J&rsquo;ai donc \u00e9t\u00e9 \u00e0 l&rsquo;\u00e9cole Sainte Th\u00e9r\u00e8se en primaire.<\/p><p>Ensuite, j&rsquo;ai commenc\u00e9 par une formation de deux ans en programmation informatique \u00e0 l&rsquo;Ath\u00e9n\u00e9e Royal de Nivelles.<\/p><p>Je me suis ensuite dirig\u00e9 en sciences industrielles \u00e0 l&rsquo;Institut Provincial des Arts et M\u00e9tiers pour terminer mon cycle d&rsquo;\u00e9tudes secondaires.<\/p><p>A cette \u00e9poque, mon p\u00e8re vivait \u00e0 Jette et je vivais en alternance \u00e0 Nivelles et la bas.<\/p>\t\t\t\t\t\t<\/div>\n\t\t\t\t<\/div>\n\t\t\t\t<div class=\"elementor-element elementor-element-89e8c7e elementor-widget elementor-widget-image\" data-id=\"89e8c7e\" data-element_type=\"widget\" data-widget_type=\"image.default\">\n\t\t\t\t<div class=\"elementor-widget-container\">\n\t\t\t\t\t\t\t\t\t\t\t\t\t<img loading=\"lazy\" decoding=\"async\" width=\"604\" height=\"390\" src=\"https:\/\/toine.eu\/wp-content\/uploads\/2024\/08\/26904416_10155348807203786_5116089444659957933_n.jpg\" class=\"attachment-large size-large wp-image-233\" alt=\"\" srcset=\"https:\/\/toine.eu\/wp-content\/uploads\/2024\/08\/26904416_10155348807203786_5116089444659957933_n.jpg 604w, https:\/\/toine.eu\/wp-content\/uploads\/2024\/08\/26904416_10155348807203786_5116089444659957933_n-300x194.jpg 300w\" sizes=\"(max-width: 604px) 100vw, 604px\" \/>\t\t\t\t\t\t\t\t\t\t\t\t\t<\/div>\n\t\t\t\t<\/div>\n\t\t\t\t<div class=\"elementor-element elementor-element-0c5b7c8 elementor-widget elementor-widget-text-editor\" data-id=\"0c5b7c8\" data-element_type=\"widget\" data-widget_type=\"text-editor.default\">\n\t\t\t\t<div class=\"elementor-widget-container\">\n\t\t\t\t\t\t\t<p>Comme je vivais \u00e0 deux pas de tout, j&rsquo;ai largement profit\u00e9 de toutes les activit\u00e9s dont Nivelles regorge.<\/p><p>Enfant j&rsquo;\u00e9tais \u00e9l\u00e8ve \u00e0 l&rsquo;acad\u00e9mie de Nivelles ou j&rsquo;ai pass\u00e9 19 ans \u00e0 apprendre le solf\u00e8ge et l&rsquo;histoire de la musique mais surtout le violon avec Daniel Jacot, la clarinette avec Philippe Hubert, la guitare classique avec Johan Fostier. Parall\u00e8lement \u00e0 cela j&rsquo;ai suivi des cours de piano avec Robert Ferri\u00e8re qui de temps en temps m&rsquo;offrait l&rsquo;opportunit\u00e9 de pianoter sur l&rsquo;orgue de notre coll\u00e9giale.<\/p><p>J&rsquo;ai particip\u00e9 \u00e0 de nombreux ensembles de classes, ateliers mamusic, stages avec l&rsquo;ensemble Aliz\u00e9, groupe de rock Alisse,&#8230;.<\/p><p>Durant mon enfance, je participe aux mouvements de jeunesses, tout d&rsquo;abord aux nutons \u00e0 Nivelles et ensuite aux louveteaux et \u00e9claireurs \u00e0 Baulers.<\/p><p>Je ferai aussi partie de diff\u00e9rents clubs\u00a0 durant plusieurs ann\u00e9es.: scrabbles, philat\u00e9lie, natation,\u00a0 judo et a\u00efkido.<\/p><p>J&rsquo;ai \u00e9galement fait danser de nombreux nivellois lors de soir\u00e9e scoutes \u00e0 Nivelles et Baulers ou lors d&rsquo;\u00e9v\u00e9nements comme le carnaval.<\/p>\t\t\t\t\t\t<\/div>\n\t\t\t\t<\/div>\n\t\t\t\t<div class=\"elementor-element elementor-element-32fa864 elementor-widget elementor-widget-image\" data-id=\"32fa864\" data-element_type=\"widget\" data-widget_type=\"image.default\">\n\t\t\t\t<div class=\"elementor-widget-container\">\n\t\t\t\t\t\t\t\t\t\t\t\t\t<img loading=\"lazy\" decoding=\"async\" width=\"1024\" height=\"1024\" src=\"https:\/\/toine.eu\/wp-content\/uploads\/2024\/08\/12370696_10153297077228786_1536359889439584897_o-1024x1024.jpg\" class=\"attachment-large size-large wp-image-232\" alt=\"\" srcset=\"https:\/\/toine.eu\/wp-content\/uploads\/2024\/08\/12370696_10153297077228786_1536359889439584897_o-1024x1024.jpg 1024w, https:\/\/toine.eu\/wp-content\/uploads\/2024\/08\/12370696_10153297077228786_1536359889439584897_o-300x300.jpg 300w, https:\/\/toine.eu\/wp-content\/uploads\/2024\/08\/12370696_10153297077228786_1536359889439584897_o-150x150.jpg 150w, https:\/\/toine.eu\/wp-content\/uploads\/2024\/08\/12370696_10153297077228786_1536359889439584897_o-768x768.jpg 768w, https:\/\/toine.eu\/wp-content\/uploads\/2024\/08\/12370696_10153297077228786_1536359889439584897_o.jpg 1147w\" sizes=\"(max-width: 1024px) 100vw, 1024px\" \/>\t\t\t\t\t\t\t\t\t\t\t\t\t<\/div>\n\t\t\t\t<\/div>\n\t\t\t\t<div class=\"elementor-element elementor-element-a6fb5e0 elementor-widget elementor-widget-text-editor\" data-id=\"a6fb5e0\" data-element_type=\"widget\" data-widget_type=\"text-editor.default\">\n\t\t\t\t<div class=\"elementor-widget-container\">\n\t\t\t\t\t\t\t<p>Le folklore occupe une place importante dans ma vie.<\/p><p>A 12 ans, j&rsquo;ai demand\u00e9 \u00e0 mes parents pour faire le gille \u00e0 Nivelles. Il m&rsquo;ont dit qu&rsquo;ils acceptaient de me payer une ann\u00e9e en guise de f\u00eate pa\u00efenne pour cl\u00f4turer mon cycle d&rsquo;\u00e9tudes primaires.<\/p><p>J&rsquo;ai ensuite travaill\u00e9s durant deux ans pour pouvoir m&rsquo;offrir la joie de reporter le costume une nouvelle fois.<\/p><p>Le travail d&rsquo;\u00e9tudiant m&rsquo;a terriblement s\u00e9duit. J&rsquo;avais tout un programme : le mercredi, j&rsquo;allais chez COPY-NET faire de la logistique et de la mise en page.<\/p><p>A cette \u00e9poque peu de gens comprenaient les ordinateurs.<\/p><p>Le samedi c&rsquo;\u00e9tait les tontes de pelouses ou l&rsquo;entretient des jardins avec mon grand-p\u00e8re.<\/p><p>L&rsquo;\u00e9t\u00e9, je travaillerai\u00a0 chez POLYMAR dans le zoning de Nivelles pendant 5 ans car avec ma formation d&rsquo;\u00e9lectrom\u00e9canicien et ma rigueur, ils m&rsquo;attendaient chaque ann\u00e9e pour les \u00e9pauler dans l&rsquo;atelier.<\/p>\t\t\t\t\t\t<\/div>\n\t\t\t\t<\/div>\n\t\t\t\t<div class=\"elementor-element elementor-element-e898ec0 elementor-widget elementor-widget-image\" data-id=\"e898ec0\" data-element_type=\"widget\" data-widget_type=\"image.default\">\n\t\t\t\t<div class=\"elementor-widget-container\">\n\t\t\t\t\t\t\t\t\t\t\t\t\t<img loading=\"lazy\" decoding=\"async\" width=\"720\" height=\"719\" src=\"https:\/\/toine.eu\/wp-content\/uploads\/2024\/08\/16865222_10154413077863786_3204190260554920616_n.jpg\" class=\"attachment-large size-large wp-image-235\" alt=\"\" srcset=\"https:\/\/toine.eu\/wp-content\/uploads\/2024\/08\/16865222_10154413077863786_3204190260554920616_n.jpg 720w, https:\/\/toine.eu\/wp-content\/uploads\/2024\/08\/16865222_10154413077863786_3204190260554920616_n-300x300.jpg 300w, https:\/\/toine.eu\/wp-content\/uploads\/2024\/08\/16865222_10154413077863786_3204190260554920616_n-150x150.jpg 150w\" sizes=\"(max-width: 720px) 100vw, 720px\" \/>\t\t\t\t\t\t\t\t\t\t\t\t\t<\/div>\n\t\t\t\t<\/div>\n\t\t\t\t\t<\/div>\n\t\t\t\t<\/div>\n\t\t<div class=\"elementor-element elementor-element-6fa17b0 e-flex e-con-boxed e-con e-parent\" data-id=\"6fa17b0\" data-element_type=\"container\">\n\t\t\t\t\t<div class=\"e-con-inner\">\n\t\t\t\t\t<\/div>\n\t\t\t\t<\/div>\n\t\t<div class=\"elementor-element elementor-element-f0ed933 e-flex e-con-boxed e-con e-parent\" data-id=\"f0ed933\" data-element_type=\"container\">\n\t\t\t\t\t<div class=\"e-con-inner\">\n\t\t\t\t<div class=\"elementor-element elementor-element-bcec1a8 elementor-widget elementor-widget-text-editor\" data-id=\"bcec1a8\" data-element_type=\"widget\" data-widget_type=\"text-editor.default\">\n\t\t\t\t<div class=\"elementor-widget-container\">\n\t\t\t\t\t\t\t<p>Avec tous ces bagages en main, je me suis lanc\u00e9 dans des \u00e9tudes d&rsquo;ing\u00e9nieur du son \u00e0 l&rsquo;Institut des Arts de Diffusion \u00e0 Louvain-la-Neuve.<\/p><p>Pendant mes \u00e9tudes, j&rsquo;ai \u00e9t\u00e9 concierge de mon \u00e9cole durant trois ann\u00e9es cons\u00e9cutives.<\/p><p>J&rsquo;ai \u00e9galement \u00e9t\u00e9 d\u00e9l\u00e9gu\u00e9 de classe, ensuite d\u00e9l\u00e9gu\u00e9 des \u00e9tudiants de ma section pour finir d\u00e9l\u00e9gu\u00e9 des \u00e9tudiants de toute l&rsquo;\u00e9cole.<\/p><p>C&rsquo;\u00e9tait l&rsquo;\u00e9poque de d\u00e9cret de Bologne, ce qui m&rsquo;a permis d&rsquo;avoir \u00e9norm\u00e9ment d&rsquo;entretiens avec le pouvoir organisateur de l&rsquo;\u00e9cole et de mettre pas mal de choses en place pour les g\u00e9n\u00e9rations qui allaient me succ\u00e9der.<\/p><p>Depuis 2004, je travailles comme ing\u00e9nieur du son aussi bien dans le domaine musical (principalement en sonorisation) que dans la prise de son sp\u00e9cialis\u00e9e lors de tournages de films et de s\u00e9ries ou documentaires.<\/p><p>Je vous invite \u00e0 lire la section qui concerne ma vie professionnelle si cela vous int\u00e9resse.<\/p><div>\u00a0<\/div><div>\u00a0<\/div>\t\t\t\t\t\t<\/div>\n\t\t\t\t<\/div>\n\t\t\t\t<div class=\"elementor-element elementor-element-c3da544 elementor-widget elementor-widget-image\" data-id=\"c3da544\" data-element_type=\"widget\" data-widget_type=\"image.default\">\n\t\t\t\t<div class=\"elementor-widget-container\">\n\t\t\t\t\t\t\t\t\t\t\t\t\t<img loading=\"lazy\" decoding=\"async\" width=\"960\" height=\"958\" src=\"https:\/\/toine.eu\/wp-content\/uploads\/2024\/08\/417517873_10160132922688786_1689902627421637686_n.jpg\" class=\"attachment-large size-large wp-image-236\" alt=\"\" srcset=\"https:\/\/toine.eu\/wp-content\/uploads\/2024\/08\/417517873_10160132922688786_1689902627421637686_n.jpg 960w, https:\/\/toine.eu\/wp-content\/uploads\/2024\/08\/417517873_10160132922688786_1689902627421637686_n-300x300.jpg 300w, https:\/\/toine.eu\/wp-content\/uploads\/2024\/08\/417517873_10160132922688786_1689902627421637686_n-150x150.jpg 150w, https:\/\/toine.eu\/wp-content\/uploads\/2024\/08\/417517873_10160132922688786_1689902627421637686_n-768x766.jpg 768w\" sizes=\"(max-width: 960px) 100vw, 960px\" \/>\t\t\t\t\t\t\t\t\t\t\t\t\t<\/div>\n\t\t\t\t<\/div>\n\t\t\t\t<div class=\"elementor-element elementor-element-91e23c2 elementor-widget elementor-widget-text-editor\" data-id=\"91e23c2\" data-element_type=\"widget\" data-widget_type=\"text-editor.default\">\n\t\t\t\t<div class=\"elementor-widget-container\">\n\t\t\t\t\t\t\t<p>\u00c9tant curieux de nature et ayant besoin de faire quelque chose de mes mains, depuis mes \u00e9tudes d&rsquo;ing\u00e9neur du son je n&rsquo;ai pu m&#8217;emp\u00eacher de repende des cours :<\/p><p>J&rsquo;ai notamment suivi parall\u00e8lement une formation de 4 ans en soudure en cours du soir \u00e0 l&rsquo;Institut Provincial d&rsquo;Enseignement de Promotion Sociale et de Formation Continu\u00e9e de Nivelles<\/p><p>Et tr\u00e8s r\u00e9cemment une formation sur le travail du vitrail chez Henri Dupont gr\u00e2ce au centre culturel.<\/p>\t\t\t\t\t\t<\/div>\n\t\t\t\t<\/div>\n\t\t\t\t<div class=\"elementor-element elementor-element-c4c8cfb elementor-widget elementor-widget-image\" data-id=\"c4c8cfb\" data-element_type=\"widget\" data-widget_type=\"image.default\">\n\t\t\t\t<div class=\"elementor-widget-container\">\n\t\t\t\t\t\t\t\t\t\t\t\t\t<img loading=\"lazy\" decoding=\"async\" width=\"1024\" height=\"841\" src=\"https:\/\/toine.eu\/wp-content\/uploads\/2024\/08\/436906102_10160223614088786_5676038643564212139_n-1024x841.jpg\" class=\"attachment-large size-large wp-image-234\" alt=\"\" srcset=\"https:\/\/toine.eu\/wp-content\/uploads\/2024\/08\/436906102_10160223614088786_5676038643564212139_n-1024x841.jpg 1024w, https:\/\/toine.eu\/wp-content\/uploads\/2024\/08\/436906102_10160223614088786_5676038643564212139_n-300x246.jpg 300w, https:\/\/toine.eu\/wp-content\/uploads\/2024\/08\/436906102_10160223614088786_5676038643564212139_n-768x631.jpg 768w, https:\/\/toine.eu\/wp-content\/uploads\/2024\/08\/436906102_10160223614088786_5676038643564212139_n.jpg 1125w\" sizes=\"(max-width: 1024px) 100vw, 1024px\" \/>\t\t\t\t\t\t\t\t\t\t\t\t\t<\/div>\n\t\t\t\t<\/div>\n\t\t\t\t<div class=\"elementor-element elementor-element-f7f63e6 elementor-widget elementor-widget-text-editor\" data-id=\"f7f63e6\" data-element_type=\"widget\" data-widget_type=\"text-editor.default\">\n\t\t\t\t<div class=\"elementor-widget-container\">\n\t\t\t\t\t\t\t<p>Je suis \u00e9galement charg\u00e9 de cours \u00e0 l&rsquo;ESRA de Bruxelles depuis 2020.<\/p><p>J&rsquo;enseigne aux \u00e9tudiants de son mais aussi d&rsquo;image et de r\u00e9alisation ; la prise de son, la m\u00e9thodologie de plateau et j&rsquo;encadre diff\u00e9rents exercices et tournages durant tout leur cursus d&rsquo;\u00e9tudes sup\u00e9rieures.<\/p>\t\t\t\t\t\t<\/div>\n\t\t\t\t<\/div>\n\t\t\t\t\t<\/div>\n\t\t\t\t<\/div>\n\t\t<div class=\"elementor-element elementor-element-df3efcd e-flex e-con-boxed e-con e-parent\" data-id=\"df3efcd\" data-element_type=\"container\">\n\t\t\t\t\t<div class=\"e-con-inner\">\n\t\t\t\t\t<\/div>\n\t\t\t\t<\/div>\n\t\t\t\t<\/div>\n\t\t","protected":false},"excerpt":{"rendered":"<p>Bonjour,Je m&rsquo;appelle Antoine Vandendriessche, je suis n\u00e9 \u00e0 Nivelles au d\u00e9but des ann\u00e9es 80, j&rsquo;y ai v\u00e9cu presque toute ma vie. Un peu d&rsquo;histoire&#8230; Mes grands-parents \u00e9taient commer\u00e7ants de g\u00e9n\u00e9ration en g\u00e9n\u00e9ration \u00e0 Nivelles, une famille \u00e9tait fleuriste, l&rsquo;autre dans le textile. (Vandendriessche-Paulus\/Gourdin) \u00a0 Je suis n\u00e9 en avril 1982, mes parents habitaient rue Auguste [&hellip;]<\/p>\n","protected":false},"author":1,"featured_media":0,"parent":0,"menu_order":0,"comment_status":"closed","ping_status":"closed","template":"","meta":{"footnotes":""},"class_list":["post-202","page","type-page","status-publish","hentry"],"_links":{"self":[{"href":"https:\/\/toine.eu\/index.php\/wp-json\/wp\/v2\/pages\/202"}],"collection":[{"href":"https:\/\/toine.eu\/index.php\/wp-json\/wp\/v2\/pages"}],"about":[{"href":"https:\/\/toine.eu\/index.php\/wp-json\/wp\/v2\/types\/page"}],"author":[{"embeddable":true,"href":"https:\/\/toine.eu\/index.php\/wp-json\/wp\/v2\/users\/1"}],"replies":[{"embeddable":true,"href":"https:\/\/toine.eu\/index.php\/wp-json\/wp\/v2\/comments?post=202"}],"version-history":[{"count":21,"href":"https:\/\/toine.eu\/index.php\/wp-json\/wp\/v2\/pages\/202\/revisions"}],"predecessor-version":[{"id":424,"href":"https:\/\/toine.eu\/index.php\/wp-json\/wp\/v2\/pages\/202\/revisions\/424"}],"wp:attachment":[{"href":"https:\/\/toine.eu\/index.php\/wp-json\/wp\/v2\/media?parent=202"}],"curies":[{"name":"wp","href":"https:\/\/api.w.org\/{rel}","templated":true}]}}